{"id":4,"date":"2018-01-23T15:23:52","date_gmt":"2018-01-23T14:23:52","guid":{"rendered":"http:\/\/loursrestaurant.com\/website\/?page_id=4"},"modified":"2025-12-15T16:47:29","modified_gmt":"2025-12-15T15:47:29","slug":"home","status":"publish","type":"page","link":"http:\/\/loursrestaurant.com\/en\/","title":{"rendered":"Home"},"content":{"rendered":"","protected":false},"excerpt":{"rendered":"","protected":false},"author":1,"featured_media":32,"parent":0,"menu_order":0,"comment_status":"closed","ping_status":"closed","template":"","meta":{"_acf_changed":false,"footnotes":""},"class_list":["post-4","page","type-page","status-publish","has-post-thumbnail","hentry"],"acf":[],"yoast_head":"<!-- This site is optimized with the Yoast SEO plugin v27.5 - https:\/\/yoast.com\/product\/yoast-seo-wordpress\/ -->\n<title>L&#039;Ours<\/title>\n<meta name=\"description\" content=\"Le chef \u00e9toil\u00e9 Jacky Ribault s&#039;installe \u00e0 Vincennes (94) avec un nouveau restaurant gastronomique : L&#039;Ours. Jacky Ribault propose une cuisine\u00a0faite avec sinc\u00e9rit\u00e9 et passion, v\u00e9ritable voyage d\u2019ici et d\u2019ailleurs. Ni carte pr\u00e9\u00e9tablie, ni menu\u2026 Ce principe permet de garantir une fra\u00eecheur absolue des produits. Dans un cadre po\u00e9tique\u00a0o\u00f9 la nature est omnipr\u00e9sente.\" \/>\n<meta name=\"robots\" content=\"index, follow, max-snippet:-1, max-image-preview:large, max-video-preview:-1\" \/>\n<link rel=\"canonical\" href=\"http:\/\/loursrestaurant.com\/en\/\" \/>\n<meta property=\"og:locale\" content=\"en_US\" \/>\n<meta property=\"og:type\" content=\"article\" \/>\n<meta property=\"og:title\" content=\"L&#039;Ours\" \/>\n<meta property=\"og:description\" content=\"Le chef \u00e9toil\u00e9 Jacky Ribault s&#039;installe \u00e0 Vincennes (94) avec un nouveau restaurant gastronomique : L&#039;Ours. Jacky Ribault propose une cuisine\u00a0faite avec sinc\u00e9rit\u00e9 et passion, v\u00e9ritable voyage d\u2019ici et d\u2019ailleurs. Ni carte pr\u00e9\u00e9tablie, ni menu\u2026 Ce principe permet de garantir une fra\u00eecheur absolue des produits. Dans un cadre po\u00e9tique\u00a0o\u00f9 la nature est omnipr\u00e9sente.\" \/>\n<meta property=\"og:url\" content=\"http:\/\/loursrestaurant.com\/en\/\" \/>\n<meta property=\"og:site_name\" content=\"L&#039;Ours\" \/>\n<meta property=\"article:modified_time\" content=\"2025-12-15T15:47:29+00:00\" \/>\n<meta property=\"og:image\" content=\"http:\/\/loursrestaurant.com\/website\/wp-content\/uploads\/hdlours11modifier.jpg\" \/>\n<meta name=\"twitter:card\" content=\"summary_large_image\" \/>\n<meta name=\"twitter:label1\" content=\"Est. reading time\" \/>\n\t<meta name=\"twitter:data1\" content=\"1 minute\" \/>\n<script type=\"application\/ld+json\" class=\"yoast-schema-graph\">{\"@context\":\"https:\\\/\\\/schema.org\",\"@graph\":[{\"@type\":\"WebPage\",\"@id\":\"http:\\\/\\\/loursrestaurant.com\\\/en\\\/\",\"url\":\"http:\\\/\\\/loursrestaurant.com\\\/en\\\/\",\"name\":\"L&#039;Ours\",\"isPartOf\":{\"@id\":\"http:\\\/\\\/loursrestaurant.com\\\/en\\\/#website\"},\"primaryImageOfPage\":{\"@id\":\"http:\\\/\\\/loursrestaurant.com\\\/en\\\/#primaryimage\"},\"image\":{\"@id\":\"http:\\\/\\\/loursrestaurant.com\\\/en\\\/#primaryimage\"},\"thumbnailUrl\":\"http:\\\/\\\/loursrestaurant.com\\\/website\\\/wp-content\\\/uploads\\\/hdlours11modifier.jpg\",\"datePublished\":\"2018-01-23T14:23:52+00:00\",\"dateModified\":\"2025-12-15T15:47:29+00:00\",\"description\":\"Le chef \u00e9toil\u00e9 Jacky Ribault s'installe \u00e0 Vincennes (94) avec un nouveau restaurant gastronomique : L'Ours. Jacky Ribault propose une cuisine\u00a0faite avec sinc\u00e9rit\u00e9 et passion, v\u00e9ritable voyage d\u2019ici et d\u2019ailleurs. Ni carte pr\u00e9\u00e9tablie, ni menu\u2026 Ce principe permet de garantir une fra\u00eecheur absolue des produits. Dans un cadre po\u00e9tique\u00a0o\u00f9 la nature est omnipr\u00e9sente.\",\"breadcrumb\":{\"@id\":\"http:\\\/\\\/loursrestaurant.com\\\/en\\\/#breadcrumb\"},\"inLanguage\":\"en-US\",\"potentialAction\":[{\"@type\":\"ReadAction\",\"target\":[[\"http:\\\/\\\/loursrestaurant.com\\\/en\\\/\"]]}]},{\"@type\":\"ImageObject\",\"inLanguage\":\"en-US\",\"@id\":\"http:\\\/\\\/loursrestaurant.com\\\/en\\\/#primaryimage\",\"url\":\"http:\\\/\\\/loursrestaurant.com\\\/website\\\/wp-content\\\/uploads\\\/hdlours11modifier.jpg\",\"contentUrl\":\"http:\\\/\\\/loursrestaurant.com\\\/website\\\/wp-content\\\/uploads\\\/hdlours11modifier.jpg\",\"width\":2000,\"height\":1333},{\"@type\":\"BreadcrumbList\",\"@id\":\"http:\\\/\\\/loursrestaurant.com\\\/en\\\/#breadcrumb\",\"itemListElement\":[{\"@type\":\"ListItem\",\"position\":1,\"name\":\"Accueil\",\"item\":\"http:\\\/\\\/loursrestaurant.com\\\/en\\\/\"},{\"@type\":\"ListItem\",\"position\":2,\"name\":\"Home\"}]},{\"@type\":\"WebSite\",\"@id\":\"http:\\\/\\\/loursrestaurant.com\\\/en\\\/#website\",\"url\":\"http:\\\/\\\/loursrestaurant.com\\\/en\\\/\",\"name\":\"L&#039;Ours\",\"description\":\"Un site utilisant WordPress\",\"potentialAction\":[{\"@type\":\"SearchAction\",\"target\":{\"@type\":\"EntryPoint\",\"urlTemplate\":\"http:\\\/\\\/loursrestaurant.com\\\/en\\\/?s={search_term_string}\"},\"query-input\":{\"@type\":\"PropertyValueSpecification\",\"valueRequired\":true,\"valueName\":\"search_term_string\"}}],\"inLanguage\":\"en-US\"}]}<\/script>\n<!-- \/ Yoast SEO plugin. -->","yoast_head_json":{"title":"L&#039;Ours","description":"Le chef \u00e9toil\u00e9 Jacky Ribault s'installe \u00e0 Vincennes (94) avec un nouveau restaurant gastronomique : L'Ours. Jacky Ribault propose une cuisine\u00a0faite avec sinc\u00e9rit\u00e9 et passion, v\u00e9ritable voyage d\u2019ici et d\u2019ailleurs. Ni carte pr\u00e9\u00e9tablie, ni menu\u2026 Ce principe permet de garantir une fra\u00eecheur absolue des produits. Dans un cadre po\u00e9tique\u00a0o\u00f9 la nature est omnipr\u00e9sente.","robots":{"index":"index","follow":"follow","max-snippet":"max-snippet:-1","max-image-preview":"max-image-preview:large","max-video-preview":"max-video-preview:-1"},"canonical":"http:\/\/loursrestaurant.com\/en\/","og_locale":"en_US","og_type":"article","og_title":"L&#039;Ours","og_description":"Le chef \u00e9toil\u00e9 Jacky Ribault s'installe \u00e0 Vincennes (94) avec un nouveau restaurant gastronomique : L'Ours. Jacky Ribault propose une cuisine\u00a0faite avec sinc\u00e9rit\u00e9 et passion, v\u00e9ritable voyage d\u2019ici et d\u2019ailleurs. Ni carte pr\u00e9\u00e9tablie, ni menu\u2026 Ce principe permet de garantir une fra\u00eecheur absolue des produits. Dans un cadre po\u00e9tique\u00a0o\u00f9 la nature est omnipr\u00e9sente.","og_url":"http:\/\/loursrestaurant.com\/en\/","og_site_name":"L&#039;Ours","article_modified_time":"2025-12-15T15:47:29+00:00","og_image":[{"url":"http:\/\/loursrestaurant.com\/website\/wp-content\/uploads\/hdlours11modifier.jpg","type":"","width":"","height":""}],"twitter_card":"summary_large_image","twitter_misc":{"Est. reading time":"1 minute"},"schema":{"@context":"https:\/\/schema.org","@graph":[{"@type":"WebPage","@id":"http:\/\/loursrestaurant.com\/en\/","url":"http:\/\/loursrestaurant.com\/en\/","name":"L&#039;Ours","isPartOf":{"@id":"http:\/\/loursrestaurant.com\/en\/#website"},"primaryImageOfPage":{"@id":"http:\/\/loursrestaurant.com\/en\/#primaryimage"},"image":{"@id":"http:\/\/loursrestaurant.com\/en\/#primaryimage"},"thumbnailUrl":"http:\/\/loursrestaurant.com\/website\/wp-content\/uploads\/hdlours11modifier.jpg","datePublished":"2018-01-23T14:23:52+00:00","dateModified":"2025-12-15T15:47:29+00:00","description":"Le chef \u00e9toil\u00e9 Jacky Ribault s'installe \u00e0 Vincennes (94) avec un nouveau restaurant gastronomique : L'Ours. Jacky Ribault propose une cuisine\u00a0faite avec sinc\u00e9rit\u00e9 et passion, v\u00e9ritable voyage d\u2019ici et d\u2019ailleurs. Ni carte pr\u00e9\u00e9tablie, ni menu\u2026 Ce principe permet de garantir une fra\u00eecheur absolue des produits. Dans un cadre po\u00e9tique\u00a0o\u00f9 la nature est omnipr\u00e9sente.","breadcrumb":{"@id":"http:\/\/loursrestaurant.com\/en\/#breadcrumb"},"inLanguage":"en-US","potentialAction":[{"@type":"ReadAction","target":[["http:\/\/loursrestaurant.com\/en\/"]]}]},{"@type":"ImageObject","inLanguage":"en-US","@id":"http:\/\/loursrestaurant.com\/en\/#primaryimage","url":"http:\/\/loursrestaurant.com\/website\/wp-content\/uploads\/hdlours11modifier.jpg","contentUrl":"http:\/\/loursrestaurant.com\/website\/wp-content\/uploads\/hdlours11modifier.jpg","width":2000,"height":1333},{"@type":"BreadcrumbList","@id":"http:\/\/loursrestaurant.com\/en\/#breadcrumb","itemListElement":[{"@type":"ListItem","position":1,"name":"Accueil","item":"http:\/\/loursrestaurant.com\/en\/"},{"@type":"ListItem","position":2,"name":"Home"}]},{"@type":"WebSite","@id":"http:\/\/loursrestaurant.com\/en\/#website","url":"http:\/\/loursrestaurant.com\/en\/","name":"L&#039;Ours","description":"Un site utilisant WordPress","potentialAction":[{"@type":"SearchAction","target":{"@type":"EntryPoint","urlTemplate":"http:\/\/loursrestaurant.com\/en\/?s={search_term_string}"},"query-input":{"@type":"PropertyValueSpecification","valueRequired":true,"valueName":"search_term_string"}}],"inLanguage":"en-US"}]}},"_links":{"self":[{"href":"http:\/\/loursrestaurant.com\/en\/wp-json\/wp\/v2\/pages\/4","targetHints":{"allow":["GET"]}}],"collection":[{"href":"http:\/\/loursrestaurant.com\/en\/wp-json\/wp\/v2\/pages"}],"about":[{"href":"http:\/\/loursrestaurant.com\/en\/wp-json\/wp\/v2\/types\/page"}],"author":[{"embeddable":true,"href":"http:\/\/loursrestaurant.com\/en\/wp-json\/wp\/v2\/users\/1"}],"replies":[{"embeddable":true,"href":"http:\/\/loursrestaurant.com\/en\/wp-json\/wp\/v2\/comments?post=4"}],"version-history":[{"count":79,"href":"http:\/\/loursrestaurant.com\/en\/wp-json\/wp\/v2\/pages\/4\/revisions"}],"predecessor-version":[{"id":404,"href":"http:\/\/loursrestaurant.com\/en\/wp-json\/wp\/v2\/pages\/4\/revisions\/404"}],"wp:featuredmedia":[{"embeddable":true,"href":"http:\/\/loursrestaurant.com\/en\/wp-json\/wp\/v2\/media\/32"}],"wp:attachment":[{"href":"http:\/\/loursrestaurant.com\/en\/wp-json\/wp\/v2\/media?parent=4"}],"curies":[{"name":"wp","href":"https:\/\/api.w.org\/{rel}","templated":true}]}}